{"id":195,"date":"2024-12-10T21:10:22","date_gmt":"2024-12-10T18:10:22","guid":{"rendered":"http:\/\/localhost\/BIGEP\/?page_id=195"},"modified":"2024-12-10T21:12:26","modified_gmt":"2024-12-10T18:12:26","slug":"teknofest","status":"publish","type":"page","link":"https:\/\/akcakaleaybis.com\/bigep\/teknofest\/","title":{"rendered":"teknofest"},"content":{"rendered":"\t\t<div data-elementor-type=\"wp-page\" data-elementor-id=\"195\" class=\"elementor elementor-195\">\n\t\t\t\t\t\t<section class=\"elementor-section elementor-top-section elementor-element elementor-element-073d12b elementor-section-boxed elementor-section-height-default elementor-section-height-default wpr-particle-no wpr-jarallax-no wpr-parallax-no wpr-sticky-section-no\" data-id=\"073d12b\" data-element_type=\"section\">\n\t\t\t\t\t\t<div class=\"elementor-container elementor-column-gap-default\">\n\t\t\t\t\t<div class=\"elementor-column elementor-col-100 elementor-top-column elementor-element elementor-element-22a101b\" data-id=\"22a101b\" data-element_type=\"column\">\n\t\t\t<div class=\"elementor-widget-wrap elementor-element-populated\">\n\t\t\t\t\t\t<div class=\"elementor-element elementor-element-f3fabb2 elementor-widget elementor-widget-image\" data-id=\"f3fabb2\" data-element_type=\"widget\" data-widget_type=\"image.default\">\n\t\t\t\t<div class=\"elementor-widget-container\">\n\t\t\t\t\t\t\t\t\t\t\t\t\t<img fetchpriority=\"high\" decoding=\"async\" width=\"1280\" height=\"720\" src=\"https:\/\/akcakaleaybis.com\/bigep\/wp-content\/uploads\/2024\/12\/teknofest-1549120.jpg\" class=\"attachment-full size-full wp-image-197\" alt=\"\" srcset=\"https:\/\/akcakaleaybis.com\/bigep\/wp-content\/uploads\/2024\/12\/teknofest-1549120.jpg 1280w, https:\/\/akcakaleaybis.com\/bigep\/wp-content\/uploads\/2024\/12\/teknofest-1549120-300x169.jpg 300w, https:\/\/akcakaleaybis.com\/bigep\/wp-content\/uploads\/2024\/12\/teknofest-1549120-1024x576.jpg 1024w, https:\/\/akcakaleaybis.com\/bigep\/wp-content\/uploads\/2024\/12\/teknofest-1549120-768x432.jpg 768w\" sizes=\"(max-width: 1280px) 100vw, 1280px\" \/>\t\t\t\t\t\t\t\t\t\t\t\t\t<\/div>\n\t\t\t\t<\/div>\n\t\t\t\t\t<\/div>\n\t\t<\/div>\n\t\t\t\t\t<\/div>\n\t\t<\/section>\n\t\t\t\t<section class=\"elementor-section elementor-top-section elementor-element elementor-element-176adc5 elementor-section-boxed elementor-section-height-default elementor-section-height-default wpr-particle-no wpr-jarallax-no wpr-parallax-no wpr-sticky-section-no\" data-id=\"176adc5\" data-element_type=\"section\">\n\t\t\t\t\t\t<div class=\"elementor-container elementor-column-gap-default\">\n\t\t\t\t\t<div class=\"elementor-column elementor-col-100 elementor-top-column elementor-element elementor-element-8218001\" data-id=\"8218001\" data-element_type=\"column\">\n\t\t\t<div class=\"elementor-widget-wrap elementor-element-populated\">\n\t\t\t\t\t\t<div class=\"elementor-element elementor-element-031a321 elementor-widget elementor-widget-spacer\" data-id=\"031a321\" data-element_type=\"widget\" data-widget_type=\"spacer.default\">\n\t\t\t\t<div class=\"elementor-widget-container\">\n\t\t\t\t\t<div class=\"elementor-spacer\">\n\t\t\t<div class=\"elementor-spacer-inner\"><\/div>\n\t\t<\/div>\n\t\t\t\t<\/div>\n\t\t\t\t<\/div>\n\t\t\t\t\t<\/div>\n\t\t<\/div>\n\t\t\t\t\t<\/div>\n\t\t<\/section>\n\t\t\t\t<section class=\"elementor-section elementor-top-section elementor-element elementor-element-5a26157 elementor-section-boxed elementor-section-height-default elementor-section-height-default wpr-particle-no wpr-jarallax-no wpr-parallax-no wpr-sticky-section-no\" data-id=\"5a26157\" data-element_type=\"section\">\n\t\t\t\t\t\t<div class=\"elementor-container elementor-column-gap-default\">\n\t\t\t\t\t<div class=\"elementor-column elementor-col-100 elementor-top-column elementor-element elementor-element-0d16270\" data-id=\"0d16270\" data-element_type=\"column\">\n\t\t\t<div class=\"elementor-widget-wrap elementor-element-populated\">\n\t\t\t\t\t\t<div class=\"elementor-element elementor-element-6b21c61 elementor-widget elementor-widget-heading\" data-id=\"6b21c61\" data-element_type=\"widget\" data-widget_type=\"heading.default\">\n\t\t\t\t<div class=\"elementor-widget-container\">\n\t\t\t<h2 class=\"elementor-heading-title elementor-size-default\">TEKNOFEST<\/h2>\t\t<\/div>\n\t\t\t\t<\/div>\n\t\t\t\t<div class=\"elementor-element elementor-element-091272e elementor-widget elementor-widget-text-editor\" data-id=\"091272e\" data-element_type=\"widget\" data-widget_type=\"text-editor.default\">\n\t\t\t\t<div class=\"elementor-widget-container\">\n\t\t\t\t\t\t\tTEKNOFEST, T\u00fcrkiye\u2019de milli teknolojinin geli\u015ftirilmesi konusunda kritik rol oynayan bir\u00e7ok kurulu\u015fun payda\u015fl\u0131\u011f\u0131yla d\u00fczenlenen T\u00fcrkiye&#8217;nin ilk ve tek havac\u0131l\u0131k, uzay ve teknoloji festivalidir.\n\n\u0130lki 2018&#8217;de ger\u00e7ekle\u015ftirilen TEKNOFEST Havac\u0131l\u0131k, Uzay ve Teknoloji Festivali; teknoloji yar\u0131\u015fmalar\u0131, hava g\u00f6sterileri, konserler, \u00e7e\u015fitli konularda ger\u00e7ekle\u015ftirilen s\u00f6yle\u015fi ve etkinlikler gibi bir\u00e7ok faaliyete ev sahipli\u011fi yaparak toplumda teknolojiye olan ilgiyi art\u0131rmay\u0131 ve T\u00fcrkiye\u2019nin teknoloji \u00fcreten ve geli\u015ftiren bir topluma d\u00f6n\u00fc\u015fmesi konusunda fark\u0131ndal\u0131k olu\u015fturmay\u0131 hedeflemektedir. Y\u00fcz binlerce gencin hayallerini ger\u00e7ekle\u015ftirmesi i\u00e7in TEKNOFEST kapsam\u0131nda \u00e7e\u015fitli disiplin ve kategorilerde teknoloji yar\u0131\u015fmalar\u0131 d\u00fczenlenmektedir.\n\n2018 y\u0131l\u0131nda \u0130stanbul Havaliman\u0131&#8217;nda ger\u00e7ekle\u015fen festivalde 14 farkl\u0131 kategoride d\u00fczenlenen teknoloji yar\u0131\u015fmalar\u0131na toplamda 4.333 tak\u0131m, 20.000 gen\u00e7 ba\u015fvuru yapm\u0131\u015fken \u0130stanbul Atat\u00fcrk Havaliman\u0131&#8217;nda d\u00fczenlenen TEKNOFEST 2019&#8217;da 19 farkl\u0131 kategoride ger\u00e7ekle\u015ftirilen teknoloji yar\u0131\u015fmalar\u0131na 81 il ve 122 \u00fclkeden 17.373 tak\u0131m ve 50.000 yar\u0131\u015fmac\u0131 ba\u015fvurmu\u015ftur. 2020 y\u0131l\u0131nda Gaziantep Ortado\u011fu Fuar Merkezi\u2019nin ev sahipli\u011finde ger\u00e7ekle\u015fen TEKNOFEST kapsam\u0131nda 21 farkl\u0131 kategoride d\u00fczenlenen teknoloji yar\u0131\u015fmalar\u0131na 81 il ve 84 \u00fclkeden 20.197 tak\u0131m, 100.000 gen\u00e7 ba\u015fvuruda bulunmu\u015ftur. 2021 y\u0131l\u0131nda Atat\u00fcrk Havaliman\u0131&#8217;nda d\u00f6rd\u00fcnc\u00fcs\u00fc ger\u00e7ekle\u015fen TEKNOFEST Havac\u0131l\u0131k, Uzay ve Teknoloji Festivali kapsam\u0131nda 35 farkl\u0131 kategoride d\u00fczenlenen teknoloji yar\u0131\u015fmalar\u0131na 81 il, 111 \u00fclkeden 44.912 tak\u0131m ve 200.000 yar\u0131\u015fmac\u0131 ba\u015fvurmu\u015ftur. 2022 y\u0131l\u0131nda Samsun \u00c7ar\u015famba Havaliman\u0131 merkezli olarak Karadeniz B\u00f6lgesi&#8217;nde ger\u00e7ekle\u015fen TEKNOFEST Karadeniz kapsam\u0131nda gelece\u011fin odak alanlar\u0131 \u00fczerine 40 farkl\u0131 teknoloji yar\u0131\u015fmas\u0131 ger\u00e7ekle\u015fmi\u015ftir. Bu yar\u0131\u015fmalara 81 il, 107 \u00fclkeden 154.000&#8217;den fazla tak\u0131m ve 600.000&#8217;den fazla yar\u0131\u015fmac\u0131 ba\u015fvurmu\u015ftur.  Ayn\u0131 sene i\u00e7erisinde \u00fclke s\u0131n\u0131rlar\u0131n\u0131 a\u015farak ilk defa yurt d\u0131\u015f\u0131nda Azerbaycan, Bak\u00fc Crystal Hall&#8217;de ger\u00e7ekle\u015fen TEKNOFEST&#8217;te 10 farkl\u0131 teknoloji yar\u0131\u015fmas\u0131 d\u00fczenlenmi\u015f ve bu yar\u0131\u015fmalara 1.010 tak\u0131m, 5.636 yar\u0131\u015fmac\u0131 ba\u015fvurusu al\u0131nm\u0131\u015ft\u0131r.\t\t\t\t\t\t<\/div>\n\t\t\t\t<\/div>\n\t\t\t\t\t<\/div>\n\t\t<\/div>\n\t\t\t\t\t<\/div>\n\t\t<\/section>\n\t\t\t\t<\/div>\n\t\t","protected":false},"excerpt":{"rendered":"<p>TEKNOFEST TEKNOFEST, T\u00fcrkiye\u2019de milli teknolojinin geli\u015ftirilmesi konusunda kritik rol oynayan bir\u00e7ok kurulu\u015fun payda\u015fl\u0131\u011f\u0131yla d\u00fczenlenen T\u00fcrkiye&#8217;nin ilk ve tek havac\u0131l\u0131k, uzay ve teknoloji festivalidir. \u0130lki 2018&#8217;de ger\u00e7ekle\u015ftirilen TEKNOFEST Havac\u0131l\u0131k, Uzay ve Teknoloji Festivali; teknoloji yar\u0131\u015fmalar\u0131, hava g\u00f6sterileri, konserler, \u00e7e\u015fitli konularda ger\u00e7ekle\u015ftirilen s\u00f6yle\u015fi ve etkinlikler gibi bir\u00e7ok faaliyete ev sahipli\u011fi yaparak toplumda teknolojiye olan ilgiyi art\u0131rmay\u0131 ve T\u00fcrkiye\u2019nin teknoloji \u00fcreten ve geli\u015ftiren bir topluma d\u00f6n\u00fc\u015fmesi konusunda fark\u0131ndal\u0131k olu\u015fturmay\u0131 hedeflemektedir. Y\u00fcz binlerce gencin hayallerini ger\u00e7ekle\u015ftirmesi i\u00e7in TEKNOFEST kapsam\u0131nda \u00e7e\u015fitli disiplin ve kategorilerde teknoloji yar\u0131\u015fmalar\u0131 d\u00fczenlenmektedir. 2018 y\u0131l\u0131nda \u0130stanbul Havaliman\u0131&#8217;nda ger\u00e7ekle\u015fen festivalde 14 farkl\u0131 kategoride d\u00fczenlenen teknoloji yar\u0131\u015fmalar\u0131na toplamda 4.333 tak\u0131m, 20.000 gen\u00e7 ba\u015fvuru yapm\u0131\u015fken \u0130stanbul Atat\u00fcrk Havaliman\u0131&#8217;nda d\u00fczenlenen TEKNOFEST 2019&#8217;da 19 farkl\u0131 kategoride ger\u00e7ekle\u015ftirilen teknoloji yar\u0131\u015fmalar\u0131na 81 il ve 122 \u00fclkeden 17.373 tak\u0131m ve 50.000 yar\u0131\u015fmac\u0131 ba\u015fvurmu\u015ftur. 2020 y\u0131l\u0131nda Gaziantep Ortado\u011fu Fuar Merkezi\u2019nin ev sahipli\u011finde ger\u00e7ekle\u015fen TEKNOFEST kapsam\u0131nda 21 farkl\u0131 kategoride d\u00fczenlenen teknoloji yar\u0131\u015fmalar\u0131na 81 il ve 84 \u00fclkeden 20.197 tak\u0131m, 100.000 gen\u00e7 ba\u015fvuruda bulunmu\u015ftur. 2021 y\u0131l\u0131nda Atat\u00fcrk Havaliman\u0131&#8217;nda d\u00f6rd\u00fcnc\u00fcs\u00fc ger\u00e7ekle\u015fen TEKNOFEST Havac\u0131l\u0131k, Uzay ve Teknoloji Festivali kapsam\u0131nda 35 farkl\u0131 kategoride d\u00fczenlenen teknoloji yar\u0131\u015fmalar\u0131na 81 il, 111 \u00fclkeden 44.912 tak\u0131m ve 200.000 yar\u0131\u015fmac\u0131 ba\u015fvurmu\u015ftur. 2022 y\u0131l\u0131nda Samsun \u00c7ar\u015famba Havaliman\u0131 merkezli olarak Karadeniz B\u00f6lgesi&#8217;nde ger\u00e7ekle\u015fen TEKNOFEST Karadeniz kapsam\u0131nda gelece\u011fin odak alanlar\u0131 \u00fczerine 40 farkl\u0131 teknoloji yar\u0131\u015fmas\u0131 ger\u00e7ekle\u015fmi\u015ftir. Bu yar\u0131\u015fmalara 81 il, 107 \u00fclkeden 154.000&#8217;den fazla tak\u0131m ve 600.000&#8217;den fazla yar\u0131\u015fmac\u0131 ba\u015fvurmu\u015ftur. Ayn\u0131 sene i\u00e7erisinde \u00fclke s\u0131n\u0131rlar\u0131n\u0131 a\u015farak ilk defa yurt d\u0131\u015f\u0131nda Azerbaycan, Bak\u00fc Crystal Hall&#8217;de ger\u00e7ekle\u015fen TEKNOFEST&#8217;te 10 farkl\u0131 teknoloji yar\u0131\u015fmas\u0131 d\u00fczenlenmi\u015f ve bu yar\u0131\u015fmalara 1.010 tak\u0131m, 5.636 yar\u0131\u015fmac\u0131 ba\u015fvurusu al\u0131nm\u0131\u015ft\u0131r.<\/p>\n","protected":false},"author":1,"featured_media":0,"parent":0,"menu_order":0,"comment_status":"closed","ping_status":"closed","template":"","meta":{"footnotes":""},"class_list":["post-195","page","type-page","status-publish","hentry"],"_links":{"self":[{"href":"https:\/\/akcakaleaybis.com\/bigep\/wp-json\/wp\/v2\/pages\/195","targetHints":{"allow":["GET"]}}],"collection":[{"href":"https:\/\/akcakaleaybis.com\/bigep\/wp-json\/wp\/v2\/pages"}],"about":[{"href":"https:\/\/akcakaleaybis.com\/bigep\/wp-json\/wp\/v2\/types\/page"}],"author":[{"embeddable":true,"href":"https:\/\/akcakaleaybis.com\/bigep\/wp-json\/wp\/v2\/users\/1"}],"replies":[{"embeddable":true,"href":"https:\/\/akcakaleaybis.com\/bigep\/wp-json\/wp\/v2\/comments?post=195"}],"version-history":[{"count":7,"href":"https:\/\/akcakaleaybis.com\/bigep\/wp-json\/wp\/v2\/pages\/195\/revisions"}],"predecessor-version":[{"id":203,"href":"https:\/\/akcakaleaybis.com\/bigep\/wp-json\/wp\/v2\/pages\/195\/revisions\/203"}],"wp:attachment":[{"href":"https:\/\/akcakaleaybis.com\/bigep\/wp-json\/wp\/v2\/media?parent=195"}],"curies":[{"name":"wp","href":"https:\/\/api.w.org\/{rel}","templated":true}]}}