{"id":56,"date":"2024-12-05T21:05:46","date_gmt":"2024-12-05T18:05:46","guid":{"rendered":"http:\/\/localhost\/BIGEP\/?page_id=56"},"modified":"2024-12-24T22:04:51","modified_gmt":"2024-12-24T19:04:51","slug":"bigep-nedir","status":"publish","type":"page","link":"https:\/\/akcakaleaybis.com\/bigep\/bigep-nedir\/","title":{"rendered":"Bigep Nedir"},"content":{"rendered":"\t\t<div data-elementor-type=\"wp-page\" data-elementor-id=\"56\" class=\"elementor elementor-56\">\n\t\t\t\t\t\t<section class=\"elementor-section elementor-top-section elementor-element elementor-element-6389a59 elementor-section-boxed elementor-section-height-default elementor-section-height-default wpr-particle-no wpr-jarallax-no wpr-parallax-no wpr-sticky-section-no\" data-id=\"6389a59\" data-element_type=\"section\">\n\t\t\t\t\t\t<div class=\"elementor-container elementor-column-gap-default\">\n\t\t\t\t\t<div class=\"elementor-column elementor-col-100 elementor-top-column elementor-element elementor-element-2f21c66\" data-id=\"2f21c66\" data-element_type=\"column\">\n\t\t\t<div class=\"elementor-widget-wrap elementor-element-populated\">\n\t\t\t\t\t\t<section class=\"elementor-section elementor-inner-section elementor-element elementor-element-2263fa6 elementor-section-boxed elementor-section-height-default elementor-section-height-default wpr-particle-no wpr-jarallax-no wpr-parallax-no wpr-sticky-section-no\" data-id=\"2263fa6\" data-element_type=\"section\">\n\t\t\t\t\t\t<div class=\"elementor-container elementor-column-gap-default\">\n\t\t\t\t\t<div class=\"elementor-column elementor-col-50 elementor-inner-column elementor-element elementor-element-cf13413 elementor-invisible\" data-id=\"cf13413\" data-element_type=\"column\" data-settings=\"{&quot;animation&quot;:&quot;fadeInLeft&quot;}\">\n\t\t\t<div class=\"elementor-widget-wrap elementor-element-populated\">\n\t\t\t\t\t\t<div class=\"elementor-element elementor-element-13f633c elementor-widget elementor-widget-heading\" data-id=\"13f633c\" data-element_type=\"widget\" data-widget_type=\"heading.default\">\n\t\t\t\t<div class=\"elementor-widget-container\">\n\t\t\t<h2 class=\"elementor-heading-title elementor-size-default\">B\u0130GEP NED\u0130R?<\/h2>\t\t<\/div>\n\t\t\t\t<\/div>\n\t\t\t\t<div class=\"elementor-element elementor-element-2e35fce elementor-widget elementor-widget-text-editor\" data-id=\"2e35fce\" data-element_type=\"widget\" data-widget_type=\"text-editor.default\">\n\t\t\t\t<div class=\"elementor-widget-container\">\n\t\t\t\t\t\t\t<p class=\"MsoNormal\"><span class=\"selectable-text\"><span style=\"font-size: 12.0pt; line-height: 107%; font-family: 'Times New Roman',serif;\">Ba\u015far\u0131y\u0131 \u0130zleme ve Geli\u015ftirme Projesi (B\u0130GEP), \u015eanl\u0131urfa Valili\u011fi himayelerinde, \u015eanl\u0131urfa \u0130l Mill\u00ee E\u011fitim M\u00fcd\u00fcrl\u00fc\u011f\u00fc koordinesinde ve ilgili kurumlarla i\u015f birli\u011fi i\u00e7inde y\u00fcr\u00fct\u00fclen, g\u00f6n\u00fcll\u00fcl\u00fck, motivasyon ve i\u015f birli\u011fine dayal\u0131 kapsaml\u0131 bir e\u011fitim projesidir. Proje, okul \u00f6ncesi, ilkokul, ortaokul ve orta\u00f6\u011fretim kademelerinde akademik ba\u015far\u0131y\u0131 art\u0131rmay\u0131, e\u011fitimde f\u0131rsat e\u015fitli\u011fi sa\u011flamay\u0131 ve 21. y\u00fczy\u0131l becerileriyle donanm\u0131\u015f bireyler yeti\u015ftirmeyi hedefler. \u00d6\u011fretmen ve y\u00f6neticilerin mesleki geli\u015fimini destekleyen, \u00f6\u011frencilerin akademik ba\u015far\u0131lar\u0131n\u0131 art\u0131ran, velilerin s\u00fcrece aktif kat\u0131l\u0131m\u0131n\u0131 te\u015fvik eden ve e\u011fitim kurumlar\u0131 aras\u0131nda sinerji olu\u015fturarak i\u015f birli\u011fi ortam\u0131n\u0131 g\u00fc\u00e7lendiren bir mekanizma sunar. Merkezi s\u0131navlara haz\u0131rl\u0131k, rehberlik hizmetleri, aile e\u011fitimleri ve fiziksel altyap\u0131n\u0131n iyile\u015ftirilmesi gibi kapsaml\u0131 faaliyetlerle e\u011fitim-\u00f6\u011fretim s\u00fcre\u00e7lerini destekler.<\/span><\/span><\/p>\t\t\t\t\t\t<\/div>\n\t\t\t\t<\/div>\n\t\t\t\t\t<\/div>\n\t\t<\/div>\n\t\t\t\t<div class=\"elementor-column elementor-col-50 elementor-inner-column elementor-element elementor-element-56e27f9 elementor-invisible\" data-id=\"56e27f9\" data-element_type=\"column\" data-settings=\"{&quot;animation&quot;:&quot;fadeInRight&quot;}\">\n\t\t\t<div class=\"elementor-widget-wrap elementor-element-populated\">\n\t\t\t\t\t\t<div class=\"elementor-element elementor-element-135902d elementor-widget elementor-widget-image\" data-id=\"135902d\" data-element_type=\"widget\" data-widget_type=\"image.default\">\n\t\t\t\t<div class=\"elementor-widget-container\">\n\t\t\t\t\t\t\t\t\t\t\t\t\t<img fetchpriority=\"high\" decoding=\"async\" width=\"800\" height=\"800\" src=\"https:\/\/akcakaleaybis.com\/bigep\/wp-content\/uploads\/2024\/12\/bigep-1024x1024.jpg\" class=\"attachment-large size-large wp-image-18\" alt=\"\" srcset=\"https:\/\/akcakaleaybis.com\/bigep\/wp-content\/uploads\/2024\/12\/bigep-1024x1024.jpg 1024w, https:\/\/akcakaleaybis.com\/bigep\/wp-content\/uploads\/2024\/12\/bigep-300x300.jpg 300w, https:\/\/akcakaleaybis.com\/bigep\/wp-content\/uploads\/2024\/12\/bigep-150x150.jpg 150w, https:\/\/akcakaleaybis.com\/bigep\/wp-content\/uploads\/2024\/12\/bigep-768x768.jpg 768w, https:\/\/akcakaleaybis.com\/bigep\/wp-content\/uploads\/2024\/12\/bigep-1536x1536.jpg 1536w, https:\/\/akcakaleaybis.com\/bigep\/wp-content\/uploads\/2024\/12\/bigep.jpg 1600w\" sizes=\"(max-width: 800px) 100vw, 800px\" \/>\t\t\t\t\t\t\t\t\t\t\t\t\t<\/div>\n\t\t\t\t<\/div>\n\t\t\t\t\t<\/div>\n\t\t<\/div>\n\t\t\t\t\t<\/div>\n\t\t<\/section>\n\t\t\t\t\t<\/div>\n\t\t<\/div>\n\t\t\t\t\t<\/div>\n\t\t<\/section>\n\t\t\t\t<section class=\"elementor-section elementor-top-section elementor-element elementor-element-6b13e9c elementor-section-boxed elementor-section-height-default elementor-section-height-default wpr-particle-no wpr-jarallax-no wpr-parallax-no wpr-sticky-section-no\" data-id=\"6b13e9c\" data-element_type=\"section\">\n\t\t\t\t\t\t<div class=\"elementor-container elementor-column-gap-default\">\n\t\t\t\t\t<div class=\"elementor-column elementor-col-100 elementor-top-column elementor-element elementor-element-efa4033\" data-id=\"efa4033\" data-element_type=\"column\">\n\t\t\t<div class=\"elementor-widget-wrap elementor-element-populated\">\n\t\t\t\t\t\t<section class=\"elementor-section elementor-inner-section elementor-element elementor-element-bd62e87 elementor-section-boxed elementor-section-height-default elementor-section-height-default wpr-particle-no wpr-jarallax-no wpr-parallax-no wpr-sticky-section-no\" data-id=\"bd62e87\" data-element_type=\"section\">\n\t\t\t\t\t\t<div class=\"elementor-container elementor-column-gap-default\">\n\t\t\t\t\t<div class=\"elementor-column elementor-col-100 elementor-inner-column elementor-element elementor-element-5197e80 elementor-invisible\" data-id=\"5197e80\" data-element_type=\"column\" data-settings=\"{&quot;animation&quot;:&quot;fadeInLeft&quot;}\">\n\t\t\t<div class=\"elementor-widget-wrap elementor-element-populated\">\n\t\t\t\t\t\t<div class=\"elementor-element elementor-element-6bf1270 elementor-widget elementor-widget-heading\" data-id=\"6bf1270\" data-element_type=\"widget\" data-widget_type=\"heading.default\">\n\t\t\t\t<div class=\"elementor-widget-container\">\n\t\t\t<h2 class=\"elementor-heading-title elementor-size-default\">B\u0130GEP'\u0130N E\u011e\u0130T\u0130MDE BA\u015eARIYA Y\u00d6NEL\u0130K HEDEFLER\u0130<\/h2>\t\t<\/div>\n\t\t\t\t<\/div>\n\t\t\t\t<div class=\"elementor-element elementor-element-f390859 elementor-widget elementor-widget-text-editor\" data-id=\"f390859\" data-element_type=\"widget\" data-widget_type=\"text-editor.default\">\n\t\t\t\t<div class=\"elementor-widget-container\">\n\t\t\t\t\t\t\t<p>Ba\u015far\u0131y\u0131 \u0130zleme ve Geli\u015ftirme Projesi (B\u0130GEP), \u015eanl\u0131urfa\u2019n\u0131n e\u011fitimdeki mevcut zorluklar\u0131n\u0131 a\u015fmak ve e\u011fitim kalitesini art\u0131rmak amac\u0131yla tasarlanm\u0131\u015f kapsaml\u0131 bir kalk\u0131nma projesidir. \u015eanl\u0131urfa Valili\u011fi himayelerinde ve \u015eanl\u0131urfa \u0130l Mill\u00ee E\u011fitim M\u00fcd\u00fcrl\u00fc\u011f\u00fc koordinasyonunda y\u00fcr\u00fct\u00fclen bu proje, e\u011fitimi birinci \u00f6ncelik olarak belirleyerek t\u00fcm payda\u015flar\u0131 bir araya getirmeyi hedeflemektedir. B\u0130GEP&#8217;in temel hedefleri aras\u0131nda, mevsimlik tar\u0131m i\u015f\u00e7isi ailelerin \u00e7ocuklar\u0131n\u0131n e\u011fitimden kopmalar\u0131n\u0131n \u00f6nlenmesi, okul \u00f6ncesi e\u011fitim kat\u0131l\u0131m oranlar\u0131n\u0131n T\u00fcrkiye ortalamas\u0131na y\u00fckseltilmesi, velilerin e\u011fitim s\u00fcre\u00e7lerine aktif kat\u0131l\u0131m\u0131n\u0131n sa\u011flanmas\u0131, \u00f6\u011frencilerin akademik ba\u015far\u0131lar\u0131n\u0131n art\u0131r\u0131lmas\u0131, okul ve derslik say\u0131s\u0131n\u0131n art\u0131r\u0131lmas\u0131 ve devams\u0131zl\u0131k sorunlar\u0131n\u0131n \u00e7\u00f6z\u00fclmesi yer almaktad\u0131r.<\/p><p><br>B\u0130GEP, e\u011fitimin kalitesini y\u00fckseltmeyi hedefleyen bir yakla\u015f\u0131m\u0131 benimseyerek, insan unsurunu merkeze al\u0131r. Bu yakla\u015f\u0131m, \u00f6\u011fretmenler ve \u00f6\u011frenciler aras\u0131ndaki ileti\u015fimi g\u00fc\u00e7lendirmeyi, 21. y\u00fczy\u0131l becerilerinin kazand\u0131r\u0131lmas\u0131n\u0131 te\u015fvik etmeyi ve e\u011fitime e\u015fit f\u0131rsatlar sunmay\u0131 ama\u00e7lamaktad\u0131r. Proje kapsam\u0131nda e\u011fitim ortamlar\u0131nda fiziksel iyile\u015ftirmeler yap\u0131l\u0131rken, \u00f6zellikle merkezi s\u0131navlara haz\u0131rl\u0131k, rehberlik hizmetleri ve aile e\u011fitimlerine odaklan\u0131lmaktad\u0131r. Ayr\u0131ca, \u00f6\u011fretmenlerin mesleki geli\u015fimini destekleyen uygulamalar ve okul d\u00fczeyinde olumlu bir i\u015f birli\u011fi ortam\u0131 olu\u015fturmak da hedefler aras\u0131nda yer al\u0131r.<\/p><p><br>B\u0130GEP, veriye dayal\u0131, s\u00fcrd\u00fcr\u00fclebilir ve motive edici bir mekanizma ile e\u011fitimde birli\u011fi sa\u011flamay\u0131 ve akademik ba\u015far\u0131y\u0131 kal\u0131c\u0131 bir \u015fekilde art\u0131rmay\u0131 ama\u00e7lamaktad\u0131r. E\u011fitim s\u00fcre\u00e7lerinin izlenebilir ve s\u00fcrd\u00fcr\u00fclebilir olmas\u0131 i\u00e7in kapsaml\u0131 bir izleme ve de\u011ferlendirme sistemi kurulmu\u015ftur. Bu sistem, ba\u015far\u0131lar\u0131 \u00f6l\u00e7mek, geli\u015fmeleri izlemek ve eksiklikleri belirleyerek s\u00fcrekli iyile\u015ftirme ad\u0131mlar\u0131n\u0131 y\u00f6nlendirmek i\u00e7in kullan\u0131l\u0131r. Bu \u015fekilde, \u00f6\u011fretmenler, \u00f6\u011frenciler ve aileler aras\u0131nda i\u015f birli\u011fini g\u00fc\u00e7lendirirken, \u015eanl\u0131urfa&#8217;daki e\u011fitimde kal\u0131c\u0131 bir d\u00f6n\u00fc\u015f\u00fcm sa\u011flanmas\u0131 hedeflenmektedir.<\/p>\t\t\t\t\t\t<\/div>\n\t\t\t\t<\/div>\n\t\t\t\t\t<\/div>\n\t\t<\/div>\n\t\t\t\t\t<\/div>\n\t\t<\/section>\n\t\t\t\t\t<\/div>\n\t\t<\/div>\n\t\t\t\t\t<\/div>\n\t\t<\/section>\n\t\t\t\t<section class=\"elementor-section elementor-top-section elementor-element elementor-element-d71cd8a elementor-section-boxed elementor-section-height-default elementor-section-height-default wpr-particle-no wpr-jarallax-no wpr-parallax-no wpr-sticky-section-no\" data-id=\"d71cd8a\" data-element_type=\"section\">\n\t\t\t\t\t\t<div class=\"elementor-container elementor-column-gap-default\">\n\t\t\t\t\t<div class=\"elementor-column elementor-col-100 elementor-top-column elementor-element elementor-element-9e94aab\" data-id=\"9e94aab\" data-element_type=\"column\">\n\t\t\t<div class=\"elementor-widget-wrap elementor-element-populated\">\n\t\t\t\t\t\t<div class=\"elementor-element elementor-element-e24959e elementor-widget elementor-widget-spacer\" data-id=\"e24959e\" data-element_type=\"widget\" data-widget_type=\"spacer.default\">\n\t\t\t\t<div class=\"elementor-widget-container\">\n\t\t\t\t\t<div class=\"elementor-spacer\">\n\t\t\t<div class=\"elementor-spacer-inner\"><\/div>\n\t\t<\/div>\n\t\t\t\t<\/div>\n\t\t\t\t<\/div>\n\t\t\t\t\t<\/div>\n\t\t<\/div>\n\t\t\t\t\t<\/div>\n\t\t<\/section>\n\t\t\t\t<section class=\"elementor-section elementor-top-section elementor-element elementor-element-61190e0 elementor-section-boxed elementor-section-height-default elementor-section-height-default wpr-particle-no wpr-jarallax-no wpr-parallax-no wpr-sticky-section-no\" data-id=\"61190e0\" data-element_type=\"section\">\n\t\t\t\t\t\t<div class=\"elementor-container elementor-column-gap-default\">\n\t\t\t\t\t<div class=\"elementor-column elementor-col-100 elementor-top-column elementor-element elementor-element-5491ee3\" data-id=\"5491ee3\" data-element_type=\"column\">\n\t\t\t<div class=\"elementor-widget-wrap elementor-element-populated\">\n\t\t\t\t\t\t<div class=\"elementor-element elementor-element-967ae53 elementor-widget elementor-widget-image-gallery\" data-id=\"967ae53\" data-element_type=\"widget\" data-widget_type=\"image-gallery.default\">\n\t\t\t\t<div class=\"elementor-widget-container\">\n\t\t\t\t\t<div class=\"elementor-image-gallery\">\n\t\t\t<div id='gallery-1' class='gallery galleryid-56 gallery-columns-3 gallery-size-full'><figure class='gallery-item'>\n\t\t\t<div class='gallery-icon landscape'>\n\t\t\t\t<a data-elementor-open-lightbox=\"no\" href='https:\/\/akcakaleaybis.com\/bigep\/wp-content\/uploads\/2024\/12\/WhatsApp-Image-2024-12-24-at-22.00.36.jpeg'><img decoding=\"async\" width=\"1600\" height=\"1067\" src=\"https:\/\/akcakaleaybis.com\/bigep\/wp-content\/uploads\/2024\/12\/WhatsApp-Image-2024-12-24-at-22.00.36.jpeg\" class=\"attachment-full size-full\" alt=\"\" srcset=\"https:\/\/akcakaleaybis.com\/bigep\/wp-content\/uploads\/2024\/12\/WhatsApp-Image-2024-12-24-at-22.00.36.jpeg 1600w, https:\/\/akcakaleaybis.com\/bigep\/wp-content\/uploads\/2024\/12\/WhatsApp-Image-2024-12-24-at-22.00.36-300x200.jpeg 300w, https:\/\/akcakaleaybis.com\/bigep\/wp-content\/uploads\/2024\/12\/WhatsApp-Image-2024-12-24-at-22.00.36-1024x683.jpeg 1024w, https:\/\/akcakaleaybis.com\/bigep\/wp-content\/uploads\/2024\/12\/WhatsApp-Image-2024-12-24-at-22.00.36-768x512.jpeg 768w, https:\/\/akcakaleaybis.com\/bigep\/wp-content\/uploads\/2024\/12\/WhatsApp-Image-2024-12-24-at-22.00.36-1536x1024.jpeg 1536w\" sizes=\"(max-width: 1600px) 100vw, 1600px\" \/><\/a>\n\t\t\t<\/div><\/figure><figure class='gallery-item'>\n\t\t\t<div class='gallery-icon landscape'>\n\t\t\t\t<a data-elementor-open-lightbox=\"no\" href='https:\/\/akcakaleaybis.com\/bigep\/wp-content\/uploads\/2024\/12\/BIGEP-_5_.jpg'><img decoding=\"async\" width=\"1200\" height=\"801\" src=\"https:\/\/akcakaleaybis.com\/bigep\/wp-content\/uploads\/2024\/12\/BIGEP-_5_.jpg\" class=\"attachment-full size-full\" alt=\"\" srcset=\"https:\/\/akcakaleaybis.com\/bigep\/wp-content\/uploads\/2024\/12\/BIGEP-_5_.jpg 1200w, https:\/\/akcakaleaybis.com\/bigep\/wp-content\/uploads\/2024\/12\/BIGEP-_5_-300x200.jpg 300w, https:\/\/akcakaleaybis.com\/bigep\/wp-content\/uploads\/2024\/12\/BIGEP-_5_-1024x684.jpg 1024w, https:\/\/akcakaleaybis.com\/bigep\/wp-content\/uploads\/2024\/12\/BIGEP-_5_-768x513.jpg 768w\" sizes=\"(max-width: 1200px) 100vw, 1200px\" \/><\/a>\n\t\t\t<\/div><\/figure><figure class='gallery-item'>\n\t\t\t<div class='gallery-icon landscape'>\n\t\t\t\t<a data-elementor-open-lightbox=\"no\" href='https:\/\/akcakaleaybis.com\/bigep\/wp-content\/uploads\/2024\/12\/BIGEP-_4_.jpeg'><img loading=\"lazy\" decoding=\"async\" width=\"1200\" height=\"800\" src=\"https:\/\/akcakaleaybis.com\/bigep\/wp-content\/uploads\/2024\/12\/BIGEP-_4_.jpeg\" class=\"attachment-full size-full\" alt=\"\" srcset=\"https:\/\/akcakaleaybis.com\/bigep\/wp-content\/uploads\/2024\/12\/BIGEP-_4_.jpeg 1200w, https:\/\/akcakaleaybis.com\/bigep\/wp-content\/uploads\/2024\/12\/BIGEP-_4_-300x200.jpeg 300w, https:\/\/akcakaleaybis.com\/bigep\/wp-content\/uploads\/2024\/12\/BIGEP-_4_-1024x683.jpeg 1024w, https:\/\/akcakaleaybis.com\/bigep\/wp-content\/uploads\/2024\/12\/BIGEP-_4_-768x512.jpeg 768w\" sizes=\"(max-width: 1200px) 100vw, 1200px\" \/><\/a>\n\t\t\t<\/div><\/figure><figure class='gallery-item'>\n\t\t\t<div class='gallery-icon landscape'>\n\t\t\t\t<a data-elementor-open-lightbox=\"no\" href='https:\/\/akcakaleaybis.com\/bigep\/wp-content\/uploads\/2024\/12\/BIGEP-_3_.jpg'><img loading=\"lazy\" decoding=\"async\" width=\"1024\" height=\"682\" src=\"https:\/\/akcakaleaybis.com\/bigep\/wp-content\/uploads\/2024\/12\/BIGEP-_3_.jpg\" class=\"attachment-full size-full\" alt=\"\" srcset=\"https:\/\/akcakaleaybis.com\/bigep\/wp-content\/uploads\/2024\/12\/BIGEP-_3_.jpg 1024w, https:\/\/akcakaleaybis.com\/bigep\/wp-content\/uploads\/2024\/12\/BIGEP-_3_-300x200.jpg 300w, https:\/\/akcakaleaybis.com\/bigep\/wp-content\/uploads\/2024\/12\/BIGEP-_3_-768x512.jpg 768w\" sizes=\"(max-width: 1024px) 100vw, 1024px\" \/><\/a>\n\t\t\t<\/div><\/figure><figure class='gallery-item'>\n\t\t\t<div class='gallery-icon landscape'>\n\t\t\t\t<a data-elementor-open-lightbox=\"no\" href='https:\/\/akcakaleaybis.com\/bigep\/wp-content\/uploads\/2024\/12\/BIGEP-_2_.jpeg'><img loading=\"lazy\" decoding=\"async\" width=\"1200\" height=\"800\" src=\"https:\/\/akcakaleaybis.com\/bigep\/wp-content\/uploads\/2024\/12\/BIGEP-_2_.jpeg\" class=\"attachment-full size-full\" alt=\"\" srcset=\"https:\/\/akcakaleaybis.com\/bigep\/wp-content\/uploads\/2024\/12\/BIGEP-_2_.jpeg 1200w, https:\/\/akcakaleaybis.com\/bigep\/wp-content\/uploads\/2024\/12\/BIGEP-_2_-300x200.jpeg 300w, https:\/\/akcakaleaybis.com\/bigep\/wp-content\/uploads\/2024\/12\/BIGEP-_2_-1024x683.jpeg 1024w, https:\/\/akcakaleaybis.com\/bigep\/wp-content\/uploads\/2024\/12\/BIGEP-_2_-768x512.jpeg 768w\" sizes=\"(max-width: 1200px) 100vw, 1200px\" \/><\/a>\n\t\t\t<\/div><\/figure><figure class='gallery-item'>\n\t\t\t<div class='gallery-icon landscape'>\n\t\t\t\t<a data-elementor-open-lightbox=\"no\" href='https:\/\/akcakaleaybis.com\/bigep\/wp-content\/uploads\/2024\/12\/BIGEP-_2_.jpg'><img loading=\"lazy\" decoding=\"async\" width=\"1024\" height=\"682\" src=\"https:\/\/akcakaleaybis.com\/bigep\/wp-content\/uploads\/2024\/12\/BIGEP-_2_.jpg\" class=\"attachment-full size-full\" alt=\"\" srcset=\"https:\/\/akcakaleaybis.com\/bigep\/wp-content\/uploads\/2024\/12\/BIGEP-_2_.jpg 1024w, https:\/\/akcakaleaybis.com\/bigep\/wp-content\/uploads\/2024\/12\/BIGEP-_2_-300x200.jpg 300w, https:\/\/akcakaleaybis.com\/bigep\/wp-content\/uploads\/2024\/12\/BIGEP-_2_-768x512.jpg 768w\" sizes=\"(max-width: 1024px) 100vw, 1024px\" \/><\/a>\n\t\t\t<\/div><\/figure><figure class='gallery-item'>\n\t\t\t<div class='gallery-icon landscape'>\n\t\t\t\t<a data-elementor-open-lightbox=\"no\" href='https:\/\/akcakaleaybis.com\/bigep\/wp-content\/uploads\/2024\/12\/BIGEP-_1_.jpeg'><img loading=\"lazy\" decoding=\"async\" width=\"1200\" height=\"800\" src=\"https:\/\/akcakaleaybis.com\/bigep\/wp-content\/uploads\/2024\/12\/BIGEP-_1_.jpeg\" class=\"attachment-full size-full\" alt=\"\" srcset=\"https:\/\/akcakaleaybis.com\/bigep\/wp-content\/uploads\/2024\/12\/BIGEP-_1_.jpeg 1200w, https:\/\/akcakaleaybis.com\/bigep\/wp-content\/uploads\/2024\/12\/BIGEP-_1_-300x200.jpeg 300w, https:\/\/akcakaleaybis.com\/bigep\/wp-content\/uploads\/2024\/12\/BIGEP-_1_-1024x683.jpeg 1024w, https:\/\/akcakaleaybis.com\/bigep\/wp-content\/uploads\/2024\/12\/BIGEP-_1_-768x512.jpeg 768w\" sizes=\"(max-width: 1200px) 100vw, 1200px\" \/><\/a>\n\t\t\t<\/div><\/figure><figure class='gallery-item'>\n\t\t\t<div class='gallery-icon landscape'>\n\t\t\t\t<a data-elementor-open-lightbox=\"no\" href='https:\/\/akcakaleaybis.com\/bigep\/wp-content\/uploads\/2024\/12\/BIGEP-_1_.jpg'><img loading=\"lazy\" decoding=\"async\" width=\"1076\" height=\"717\" src=\"https:\/\/akcakaleaybis.com\/bigep\/wp-content\/uploads\/2024\/12\/BIGEP-_1_.jpg\" class=\"attachment-full size-full\" alt=\"\" srcset=\"https:\/\/akcakaleaybis.com\/bigep\/wp-content\/uploads\/2024\/12\/BIGEP-_1_.jpg 1076w, https:\/\/akcakaleaybis.com\/bigep\/wp-content\/uploads\/2024\/12\/BIGEP-_1_-300x200.jpg 300w, https:\/\/akcakaleaybis.com\/bigep\/wp-content\/uploads\/2024\/12\/BIGEP-_1_-1024x682.jpg 1024w, https:\/\/akcakaleaybis.com\/bigep\/wp-content\/uploads\/2024\/12\/BIGEP-_1_-768x512.jpg 768w\" sizes=\"(max-width: 1076px) 100vw, 1076px\" \/><\/a>\n\t\t\t<\/div><\/figure><figure class='gallery-item'>\n\t\t\t<div class='gallery-icon landscape'>\n\t\t\t\t<a data-elementor-open-lightbox=\"no\" href='https:\/\/akcakaleaybis.com\/bigep\/wp-content\/uploads\/2024\/12\/WhatsApp-Image-2024-12-24-at-22.00.50.jpeg'><img loading=\"lazy\" decoding=\"async\" width=\"1600\" height=\"1067\" src=\"https:\/\/akcakaleaybis.com\/bigep\/wp-content\/uploads\/2024\/12\/WhatsApp-Image-2024-12-24-at-22.00.50.jpeg\" class=\"attachment-full size-full\" alt=\"\" srcset=\"https:\/\/akcakaleaybis.com\/bigep\/wp-content\/uploads\/2024\/12\/WhatsApp-Image-2024-12-24-at-22.00.50.jpeg 1600w, https:\/\/akcakaleaybis.com\/bigep\/wp-content\/uploads\/2024\/12\/WhatsApp-Image-2024-12-24-at-22.00.50-300x200.jpeg 300w, https:\/\/akcakaleaybis.com\/bigep\/wp-content\/uploads\/2024\/12\/WhatsApp-Image-2024-12-24-at-22.00.50-1024x683.jpeg 1024w, https:\/\/akcakaleaybis.com\/bigep\/wp-content\/uploads\/2024\/12\/WhatsApp-Image-2024-12-24-at-22.00.50-768x512.jpeg 768w, https:\/\/akcakaleaybis.com\/bigep\/wp-content\/uploads\/2024\/12\/WhatsApp-Image-2024-12-24-at-22.00.50-1536x1024.jpeg 1536w\" sizes=\"(max-width: 1600px) 100vw, 1600px\" \/><\/a>\n\t\t\t<\/div><\/figure>\n\t\t<\/div>\n\t\t<\/div>\n\t\t\t\t<\/div>\n\t\t\t\t<\/div>\n\t\t\t\t\t<\/div>\n\t\t<\/div>\n\t\t\t\t\t<\/div>\n\t\t<\/section>\n\t\t\t\t<\/div>\n\t\t","protected":false},"excerpt":{"rendered":"<p>B\u0130GEP NED\u0130R? Ba\u015far\u0131y\u0131 \u0130zleme ve Geli\u015ftirme Projesi (B\u0130GEP), \u015eanl\u0131urfa Valili\u011fi himayelerinde, \u015eanl\u0131urfa \u0130l Mill\u00ee E\u011fitim M\u00fcd\u00fcrl\u00fc\u011f\u00fc koordinesinde ve ilgili kurumlarla i\u015f birli\u011fi i\u00e7inde y\u00fcr\u00fct\u00fclen, g\u00f6n\u00fcll\u00fcl\u00fck, motivasyon ve i\u015f birli\u011fine dayal\u0131 kapsaml\u0131 bir e\u011fitim projesidir. Proje, okul \u00f6ncesi, ilkokul, ortaokul ve orta\u00f6\u011fretim kademelerinde akademik ba\u015far\u0131y\u0131 art\u0131rmay\u0131, e\u011fitimde f\u0131rsat e\u015fitli\u011fi sa\u011flamay\u0131 ve 21. y\u00fczy\u0131l becerileriyle donanm\u0131\u015f bireyler yeti\u015ftirmeyi hedefler. \u00d6\u011fretmen ve y\u00f6neticilerin mesleki geli\u015fimini destekleyen, \u00f6\u011frencilerin akademik ba\u015far\u0131lar\u0131n\u0131 art\u0131ran, velilerin s\u00fcrece aktif kat\u0131l\u0131m\u0131n\u0131 te\u015fvik eden ve e\u011fitim kurumlar\u0131 aras\u0131nda sinerji olu\u015fturarak i\u015f birli\u011fi ortam\u0131n\u0131 g\u00fc\u00e7lendiren bir mekanizma sunar. Merkezi s\u0131navlara haz\u0131rl\u0131k, rehberlik hizmetleri, aile e\u011fitimleri ve fiziksel altyap\u0131n\u0131n iyile\u015ftirilmesi gibi kapsaml\u0131 faaliyetlerle e\u011fitim-\u00f6\u011fretim s\u00fcre\u00e7lerini destekler. B\u0130GEP&#8217;\u0130N E\u011e\u0130T\u0130MDE BA\u015eARIYA Y\u00d6NEL\u0130K HEDEFLER\u0130 Ba\u015far\u0131y\u0131 \u0130zleme ve Geli\u015ftirme Projesi (B\u0130GEP), \u015eanl\u0131urfa\u2019n\u0131n e\u011fitimdeki mevcut zorluklar\u0131n\u0131 a\u015fmak ve e\u011fitim kalitesini art\u0131rmak amac\u0131yla tasarlanm\u0131\u015f kapsaml\u0131 bir kalk\u0131nma projesidir. \u015eanl\u0131urfa Valili\u011fi himayelerinde ve \u015eanl\u0131urfa \u0130l Mill\u00ee E\u011fitim M\u00fcd\u00fcrl\u00fc\u011f\u00fc koordinasyonunda y\u00fcr\u00fct\u00fclen bu proje, e\u011fitimi birinci \u00f6ncelik olarak belirleyerek t\u00fcm payda\u015flar\u0131 bir araya getirmeyi hedeflemektedir. B\u0130GEP&#8217;in temel hedefleri aras\u0131nda, mevsimlik tar\u0131m i\u015f\u00e7isi ailelerin \u00e7ocuklar\u0131n\u0131n e\u011fitimden kopmalar\u0131n\u0131n \u00f6nlenmesi, okul \u00f6ncesi e\u011fitim kat\u0131l\u0131m oranlar\u0131n\u0131n T\u00fcrkiye ortalamas\u0131na y\u00fckseltilmesi, velilerin e\u011fitim s\u00fcre\u00e7lerine aktif kat\u0131l\u0131m\u0131n\u0131n sa\u011flanmas\u0131, \u00f6\u011frencilerin akademik ba\u015far\u0131lar\u0131n\u0131n art\u0131r\u0131lmas\u0131, okul ve derslik say\u0131s\u0131n\u0131n art\u0131r\u0131lmas\u0131 ve devams\u0131zl\u0131k sorunlar\u0131n\u0131n \u00e7\u00f6z\u00fclmesi yer almaktad\u0131r. B\u0130GEP, e\u011fitimin kalitesini y\u00fckseltmeyi hedefleyen bir yakla\u015f\u0131m\u0131 benimseyerek, insan unsurunu merkeze al\u0131r. Bu yakla\u015f\u0131m, \u00f6\u011fretmenler ve \u00f6\u011frenciler aras\u0131ndaki ileti\u015fimi g\u00fc\u00e7lendirmeyi, 21. y\u00fczy\u0131l becerilerinin kazand\u0131r\u0131lmas\u0131n\u0131 te\u015fvik etmeyi ve e\u011fitime e\u015fit f\u0131rsatlar sunmay\u0131 ama\u00e7lamaktad\u0131r. Proje kapsam\u0131nda e\u011fitim ortamlar\u0131nda fiziksel iyile\u015ftirmeler yap\u0131l\u0131rken, \u00f6zellikle merkezi s\u0131navlara haz\u0131rl\u0131k, rehberlik hizmetleri ve aile e\u011fitimlerine odaklan\u0131lmaktad\u0131r. Ayr\u0131ca, \u00f6\u011fretmenlerin mesleki geli\u015fimini destekleyen uygulamalar ve okul d\u00fczeyinde olumlu bir i\u015f birli\u011fi ortam\u0131 olu\u015fturmak da hedefler aras\u0131nda yer al\u0131r. B\u0130GEP, veriye dayal\u0131, s\u00fcrd\u00fcr\u00fclebilir ve motive edici bir mekanizma ile e\u011fitimde birli\u011fi sa\u011flamay\u0131 ve akademik ba\u015far\u0131y\u0131 kal\u0131c\u0131 bir \u015fekilde art\u0131rmay\u0131 ama\u00e7lamaktad\u0131r. E\u011fitim s\u00fcre\u00e7lerinin izlenebilir ve s\u00fcrd\u00fcr\u00fclebilir olmas\u0131 i\u00e7in kapsaml\u0131 bir izleme ve de\u011ferlendirme sistemi kurulmu\u015ftur. Bu sistem, ba\u015far\u0131lar\u0131 \u00f6l\u00e7mek, geli\u015fmeleri izlemek ve eksiklikleri belirleyerek s\u00fcrekli iyile\u015ftirme ad\u0131mlar\u0131n\u0131 y\u00f6nlendirmek i\u00e7in kullan\u0131l\u0131r. Bu \u015fekilde, \u00f6\u011fretmenler, \u00f6\u011frenciler ve aileler aras\u0131nda i\u015f birli\u011fini g\u00fc\u00e7lendirirken, \u015eanl\u0131urfa&#8217;daki e\u011fitimde kal\u0131c\u0131 bir d\u00f6n\u00fc\u015f\u00fcm sa\u011flanmas\u0131 hedeflenmektedir.<\/p>\n","protected":false},"author":1,"featured_media":0,"parent":0,"menu_order":0,"comment_status":"closed","ping_status":"closed","template":"","meta":{"footnotes":""},"class_list":["post-56","page","type-page","status-publish","hentry"],"_links":{"self":[{"href":"https:\/\/akcakaleaybis.com\/bigep\/wp-json\/wp\/v2\/pages\/56","targetHints":{"allow":["GET"]}}],"collection":[{"href":"https:\/\/akcakaleaybis.com\/bigep\/wp-json\/wp\/v2\/pages"}],"about":[{"href":"https:\/\/akcakaleaybis.com\/bigep\/wp-json\/wp\/v2\/types\/page"}],"author":[{"embeddable":true,"href":"https:\/\/akcakaleaybis.com\/bigep\/wp-json\/wp\/v2\/users\/1"}],"replies":[{"embeddable":true,"href":"https:\/\/akcakaleaybis.com\/bigep\/wp-json\/wp\/v2\/comments?post=56"}],"version-history":[{"count":25,"href":"https:\/\/akcakaleaybis.com\/bigep\/wp-json\/wp\/v2\/pages\/56\/revisions"}],"predecessor-version":[{"id":399,"href":"https:\/\/akcakaleaybis.com\/bigep\/wp-json\/wp\/v2\/pages\/56\/revisions\/399"}],"wp:attachment":[{"href":"https:\/\/akcakaleaybis.com\/bigep\/wp-json\/wp\/v2\/media?parent=56"}],"curies":[{"name":"wp","href":"https:\/\/api.w.org\/{rel}","templated":true}]}}